{"id":8,"date":"2017-10-23T22:19:01","date_gmt":"2017-10-23T20:19:01","guid":{"rendered":"http:\/\/www.kontemporanea.net\/oro\/?page_id=8"},"modified":"2024-11-22T19:47:17","modified_gmt":"2024-11-22T18:47:17","slug":"chi-siamo","status":"publish","type":"page","link":"https:\/\/www.kontemporanea.net\/oro\/index.php\/chi-siamo\/","title":{"rendered":"Chi siamo"},"content":{"rendered":"<h3 align=\"left\"><img loading=\"lazy\" decoding=\"async\" class=\"alignleft\" title=\"Kontemporanea di Fabrizio Guerri e Selena Tarozzi\" src=\"https:\/\/www.kontemporanea.net\/service\/pchisiamo.jpg\" alt=\"Kontemporanea di Fabrizio Guerri e Selena Tarozzi\" width=\"200\" height=\"267\" border=\"0\" \/>Il laboratorio orafo Kontemporanea nasce dalla collaborazione di due giovani cresciuti professionalmente alla scuola orafa Valenzana.<br \/>Lei, Selena Tarozzi, scelse la specializzazione orafo \u2013 modellista, per imparare le tecniche orafe e completare il cammino nella progettazione e nel disegno di gioielli unici, iniziato dalla scuola secondaria avendo conseguito la maturit\u00e0 presso il Liceo Artistico di Novara. Contemporaneamente alla scuola, realizza disegni con Afieri &amp; St.John per un concorso istituito dalla DeBeers e viene contattata per uno stage dalla ditta \u201cRepossi Dirce\u201d, specializzata nella creazione di alta gioielleria stile liberty e art-dec\u00f2, presso cui verr\u00e0 poi assunta una volta terminati i tre anni di specializzazione. La variet\u00e0 e le grandi capacit\u00e0 degli insegnati da cui ha potuto apprendere in 10 anni di permanenza a Valenza, la portano a conoscere diversi tipi di lavorazione, dagli stili passati alle moderne tecniche di ultima concezione.<br \/>Lui, Fabrizio Guerri, segue un percorso diverso, passando al contatto diretto con i grandi maestri incassatori (o incastonatori che dir si voglia) Valenzani dopo un solo anno scolastico, tentando di carpire quanti pi\u00f9 segreti possibili. Fa proprie fin da subito la grande cura e perizia nei particolari, la maestria nel rifinire i dettagli pi\u00f9 minuziosi, rendendo splendida la tipica incastonatura a pav\u00e9, senza trascurare gli altri tipi di lavorazione dall\u2019incassatura a griff, all\u2019incastonatura a \u201cbaffo\u201d, acquisendo un\u2019ottima esperienza di oltre 10 anni.<br \/>Insieme danno vita a Kontemporanea, il laboratorio orafo che realizza gioielli artigianali unici ed ogni tipo di lavorazione per accontentare qualsiasi tipo di richiesta.<br \/>Perch\u00e9 \u201cKontemporanea\u201d?<br \/>Perch\u00e9 il nostro cammino segue un percorso di tecniche e lavorazioni che vanno dalla manifattura tipica Valenzana ad uno stile art-dec\u00f2 e liberty, per realizzare idee sempre pi\u00f9 moderne ed originali che si rifanno ad un\u2019arte contemporanea che vuole essere in continua evoluzione, guardandosi alle spalle senza mai dimenticare il passato. Noi creiamo gioielli unici, incastoniamo pietre preziose, ci occupiamo anche di riparazioni, pulitura, rodiatura, in filatura collane e restauro di gioielli ed orologi d\u2019oro.<\/h3>\n<p>\u00a0<\/p>\n\n\n<p><\/p>\n","protected":false},"excerpt":{"rendered":"<p>Il laboratorio orafo Kontemporanea nasce dalla collaborazione di due giovani cresciuti professionalmente alla scuola orafa Valenzana.Lei, Selena Tarozzi, scelse la specializzazione orafo \u2013 modellista, per imparare le tecniche orafe e completare il cammino nella progettazione e nel disegno di gioielli unici, iniziato dalla scuola secondaria avendo conseguito la maturit\u00e0 presso il Liceo Artistico di Novara. &hellip; <\/p>\n<p class=\"link-more\"><a href=\"https:\/\/www.kontemporanea.net\/oro\/index.php\/chi-siamo\/\" class=\"more-link\">Leggi tutto<span class=\"screen-reader-text\"> &#8220;Chi siamo&#8221;<\/span><\/a><\/p>\n","protected":false},"author":1,"featured_media":36,"parent":0,"menu_order":0,"comment_status":"closed","ping_status":"closed","template":"","meta":{"footnotes":""},"class_list":["post-8","page","type-page","status-publish","has-post-thumbnail","hentry"],"jetpack_sharing_enabled":true,"_links":{"self":[{"href":"https:\/\/www.kontemporanea.net\/oro\/index.php\/wp-json\/wp\/v2\/pages\/8","targetHints":{"allow":["GET"]}}],"collection":[{"href":"https:\/\/www.kontemporanea.net\/oro\/index.php\/wp-json\/wp\/v2\/pages"}],"about":[{"href":"https:\/\/www.kontemporanea.net\/oro\/index.php\/wp-json\/wp\/v2\/types\/page"}],"author":[{"embeddable":true,"href":"https:\/\/www.kontemporanea.net\/oro\/index.php\/wp-json\/wp\/v2\/users\/1"}],"replies":[{"embeddable":true,"href":"https:\/\/www.kontemporanea.net\/oro\/index.php\/wp-json\/wp\/v2\/comments?post=8"}],"version-history":[{"count":5,"href":"https:\/\/www.kontemporanea.net\/oro\/index.php\/wp-json\/wp\/v2\/pages\/8\/revisions"}],"predecessor-version":[{"id":112,"href":"https:\/\/www.kontemporanea.net\/oro\/index.php\/wp-json\/wp\/v2\/pages\/8\/revisions\/112"}],"wp:featuredmedia":[{"embeddable":true,"href":"https:\/\/www.kontemporanea.net\/oro\/index.php\/wp-json\/wp\/v2\/media\/36"}],"wp:attachment":[{"href":"https:\/\/www.kontemporanea.net\/oro\/index.php\/wp-json\/wp\/v2\/media?parent=8"}],"curies":[{"name":"wp","href":"https:\/\/api.w.org\/{rel}","templated":true}]}}